{"id":770,"date":"2026-03-18T08:18:30","date_gmt":"2026-03-18T11:18:30","guid":{"rendered":"https:\/\/brasilverdeirrigacao.com.br\/web\/?page_id=770"},"modified":"2026-03-18T09:10:00","modified_gmt":"2026-03-18T12:10:00","slug":"informativo","status":"publish","type":"page","link":"https:\/\/brasilverdeirrigacao.com.br\/web\/informativo\/","title":{"rendered":"INFORMATIVO"},"content":{"rendered":"\t\t<div data-elementor-type=\"wp-page\" data-elementor-id=\"770\" class=\"elementor elementor-770\" data-elementor-post-type=\"page\">\n\t\t\t\t<div class=\"elementor-element elementor-element-8969c5c e-con-full e-flex e-con e-parent\" data-id=\"8969c5c\" data-element_type=\"container\" data-e-type=\"container\" data-settings=\"{&quot;jet_parallax_layout_list&quot;:[]}\">\n\t\t<div class=\"elementor-element elementor-element-c5414e1 e-flex e-con-boxed e-con e-child\" data-id=\"c5414e1\" data-element_type=\"container\" data-e-type=\"container\" data-settings=\"{&quot;background_background&quot;:&quot;classic&quot;,&quot;jet_parallax_layout_list&quot;:[]}\">\n\t\t\t\t\t<div class=\"e-con-inner\">\n\t\t\t\t<div class=\"elementor-element elementor-element-1ab7b1c elementor-widget elementor-widget-spacer\" data-id=\"1ab7b1c\" data-element_type=\"widget\" data-e-type=\"widget\" data-widget_type=\"spacer.default\">\n\t\t\t\t\t\t\t<div class=\"elementor-spacer\">\n\t\t\t<div class=\"elementor-spacer-inner\"><\/div>\n\t\t<\/div>\n\t\t\t\t\t\t<\/div>\n\t\t\t\t<div class=\"elementor-element elementor-element-580b300 elementor-widget elementor-widget-heading\" data-id=\"580b300\" data-element_type=\"widget\" data-e-type=\"widget\" data-widget_type=\"heading.default\">\n\t\t\t\t\t<h2 class=\"elementor-heading-title elementor-size-default\">INFORMATIVO<\/h2>\t\t\t\t<\/div>\n\t\t\t\t<div class=\"elementor-element elementor-element-8af2048 elementor-widget elementor-widget-spacer\" data-id=\"8af2048\" data-element_type=\"widget\" data-e-type=\"widget\" data-widget_type=\"spacer.default\">\n\t\t\t\t\t\t\t<div class=\"elementor-spacer\">\n\t\t\t<div class=\"elementor-spacer-inner\"><\/div>\n\t\t<\/div>\n\t\t\t\t\t\t<\/div>\n\t\t\t\t\t<\/div>\n\t\t\t\t<\/div>\n\t\t\t\t<\/div>\n\t\t<div class=\"elementor-element elementor-element-f1fa63a e-flex e-con-boxed e-con e-parent\" data-id=\"f1fa63a\" data-element_type=\"container\" data-e-type=\"container\" data-settings=\"{&quot;jet_parallax_layout_list&quot;:[]}\">\n\t\t\t\t\t<div class=\"e-con-inner\">\n\t\t\t\t<div class=\"elementor-element elementor-element-213fba1 elementor-widget elementor-widget-spacer\" data-id=\"213fba1\" data-element_type=\"widget\" data-e-type=\"widget\" data-widget_type=\"spacer.default\">\n\t\t\t\t\t\t\t<div class=\"elementor-spacer\">\n\t\t\t<div class=\"elementor-spacer-inner\"><\/div>\n\t\t<\/div>\n\t\t\t\t\t\t<\/div>\n\t\t\t\t<div class=\"elementor-element elementor-element-c15034e elementor-grid-3 elementor-grid-tablet-2 elementor-grid-mobile-1 elementor-posts--thumbnail-top elementor-card-shadow-yes elementor-posts__hover-gradient elementor-widget elementor-widget-posts\" data-id=\"c15034e\" data-element_type=\"widget\" data-e-type=\"widget\" data-settings=\"{&quot;pagination_type&quot;:&quot;load_more_infinite_scroll&quot;,&quot;cards_columns&quot;:&quot;3&quot;,&quot;cards_columns_tablet&quot;:&quot;2&quot;,&quot;cards_columns_mobile&quot;:&quot;1&quot;,&quot;cards_row_gap&quot;:{&quot;unit&quot;:&quot;px&quot;,&quot;size&quot;:35,&quot;sizes&quot;:[]},&quot;cards_row_gap_tablet&quot;:{&quot;unit&quot;:&quot;px&quot;,&quot;size&quot;:&quot;&quot;,&quot;sizes&quot;:[]},&quot;cards_row_gap_mobile&quot;:{&quot;unit&quot;:&quot;px&quot;,&quot;size&quot;:&quot;&quot;,&quot;sizes&quot;:[]},&quot;load_more_spinner&quot;:{&quot;value&quot;:&quot;fas fa-spinner&quot;,&quot;library&quot;:&quot;fa-solid&quot;}}\" data-widget_type=\"posts.cards\">\n\t\t\t\t<div class=\"elementor-widget-container\">\n\t\t\t\t\t\t\t<div class=\"elementor-posts-container elementor-posts elementor-posts--skin-cards elementor-grid\" role=\"list\">\n\t\t\t\t<article class=\"elementor-post elementor-grid-item post-825 post type-post status-publish format-standard has-post-thumbnail hentry category-informativo tag-agro tag-brasil-verde-irrigacao tag-difer tag-diset tag-fertirrigacao tag-irrigacao\" role=\"listitem\">\n\t\t\t<div class=\"elementor-post__card\">\n\t\t\t\t<a class=\"elementor-post__thumbnail__link\" href=\"https:\/\/brasilverdeirrigacao.com.br\/web\/revista-agrarian-faz-analise-economica-da-fertirrigacao-e-adubacao-tratorizada-em-pivos-centrais\/\" tabindex=\"-1\" ><div class=\"elementor-post__thumbnail\"><img fetchpriority=\"high\" decoding=\"async\" width=\"300\" height=\"169\" src=\"https:\/\/brasilverdeirrigacao.com.br\/web\/wp-content\/uploads\/2026\/03\/revista-agrarian-fertirrigacao-brasil-verde-irrigacao-difer-diset-300x169.webp\" class=\"attachment-medium size-medium wp-image-828\" alt=\"\" srcset=\"https:\/\/brasilverdeirrigacao.com.br\/web\/wp-content\/uploads\/2026\/03\/revista-agrarian-fertirrigacao-brasil-verde-irrigacao-difer-diset-300x169.webp 300w, https:\/\/brasilverdeirrigacao.com.br\/web\/wp-content\/uploads\/2026\/03\/revista-agrarian-fertirrigacao-brasil-verde-irrigacao-difer-diset-768x432.webp 768w, https:\/\/brasilverdeirrigacao.com.br\/web\/wp-content\/uploads\/2026\/03\/revista-agrarian-fertirrigacao-brasil-verde-irrigacao-difer-diset.webp 1024w\" sizes=\"(max-width: 300px) 100vw, 300px\" \/><\/div><\/a>\n\t\t\t\t<div class=\"elementor-post__badge\">Informativo<\/div>\n\t\t\t\t<div class=\"elementor-post__text\">\n\t\t\t\t<h3 class=\"elementor-post__title\">\n\t\t\t<a href=\"https:\/\/brasilverdeirrigacao.com.br\/web\/revista-agrarian-faz-analise-economica-da-fertirrigacao-e-adubacao-tratorizada-em-pivos-centrais\/\" >\n\t\t\t\tRevista Agrarian, faz an\u00e1lise econ\u00f4mica da fertirriga\u00e7\u00e3o e aduba\u00e7\u00e3o tratorizada em piv\u00f4s centrais.\t\t\t<\/a>\n\t\t<\/h3>\n\t\t\t\t<div class=\"elementor-post__excerpt\">\n\t\t\t<p>Breve Resumo O irrigante por piv\u00f4 central pode reduzir seus custos e consequentemente aumentar sua lucratividade se fizer o uso da fertirriga\u00e7\u00e3o, pagando o investimento<\/p>\n\t\t<\/div>\n\t\t\n\t\t<a class=\"elementor-post__read-more\" href=\"https:\/\/brasilverdeirrigacao.com.br\/web\/revista-agrarian-faz-analise-economica-da-fertirrigacao-e-adubacao-tratorizada-em-pivos-centrais\/\" aria-label=\"Leia mais sobre Revista Agrarian, faz an\u00e1lise econ\u00f4mica da fertirriga\u00e7\u00e3o e aduba\u00e7\u00e3o tratorizada em piv\u00f4s centrais.\" tabindex=\"-1\" >\n\t\t\tLeia mais \u00bb\t\t<\/a>\n\n\t\t\t\t<\/div>\n\t\t\t\t<div class=\"elementor-post__meta-data\">\n\t\t\t\t\t<span class=\"elementor-post-date\">\n\t\t\t18 de mar\u00e7o de 2026\t\t<\/span>\n\t\t\t\t<span class=\"elementor-post-avatar\">\n\t\t\tNenhum coment\u00e1rio\t\t<\/span>\n\t\t\t\t<\/div>\n\t\t\t\t\t<\/div>\n\t\t<\/article>\n\t\t\t\t<article class=\"elementor-post elementor-grid-item post-854 post type-post status-publish format-standard has-post-thumbnail hentry category-informativo\" role=\"listitem\">\n\t\t\t<div class=\"elementor-post__card\">\n\t\t\t\t<a class=\"elementor-post__thumbnail__link\" href=\"https:\/\/brasilverdeirrigacao.com.br\/web\/como-escolher-equipamentos-de-fertirrigacao\/\" tabindex=\"-1\" ><div class=\"elementor-post__thumbnail\"><img decoding=\"async\" width=\"300\" height=\"169\" src=\"https:\/\/brasilverdeirrigacao.com.br\/web\/wp-content\/uploads\/2026\/03\/difer-diset-brasil-verde-irrigacao-fertirrigacao-pivo-300x169.webp\" class=\"attachment-medium size-medium wp-image-857\" alt=\"\" srcset=\"https:\/\/brasilverdeirrigacao.com.br\/web\/wp-content\/uploads\/2026\/03\/difer-diset-brasil-verde-irrigacao-fertirrigacao-pivo-300x169.webp 300w, https:\/\/brasilverdeirrigacao.com.br\/web\/wp-content\/uploads\/2026\/03\/difer-diset-brasil-verde-irrigacao-fertirrigacao-pivo-768x432.webp 768w, https:\/\/brasilverdeirrigacao.com.br\/web\/wp-content\/uploads\/2026\/03\/difer-diset-brasil-verde-irrigacao-fertirrigacao-pivo.webp 1024w\" sizes=\"(max-width: 300px) 100vw, 300px\" \/><\/div><\/a>\n\t\t\t\t<div class=\"elementor-post__badge\">Informativo<\/div>\n\t\t\t\t<div class=\"elementor-post__text\">\n\t\t\t\t<h3 class=\"elementor-post__title\">\n\t\t\t<a href=\"https:\/\/brasilverdeirrigacao.com.br\/web\/como-escolher-equipamentos-de-fertirrigacao\/\" >\n\t\t\t\tComo escolher equipamentos de fertirriga\u00e7\u00e3o\t\t\t<\/a>\n\t\t<\/h3>\n\t\t\t\t<div class=\"elementor-post__excerpt\">\n\t\t\t<p>Escolher bons equipamentos \u00e9 essencial para garantir resultados na fertirriga\u00e7\u00e3o. \u00c9 importante considerar: precis\u00e3o na dosagem durabilidade facilidade de opera\u00e7\u00e3o suporte t\u00e9cnico E a Brasil<\/p>\n\t\t<\/div>\n\t\t\n\t\t<a class=\"elementor-post__read-more\" href=\"https:\/\/brasilverdeirrigacao.com.br\/web\/como-escolher-equipamentos-de-fertirrigacao\/\" aria-label=\"Leia mais sobre Como escolher equipamentos de fertirriga\u00e7\u00e3o\" tabindex=\"-1\" >\n\t\t\tLeia mais \u00bb\t\t<\/a>\n\n\t\t\t\t<\/div>\n\t\t\t\t<div class=\"elementor-post__meta-data\">\n\t\t\t\t\t<span class=\"elementor-post-date\">\n\t\t\t18 de mar\u00e7o de 2026\t\t<\/span>\n\t\t\t\t<span class=\"elementor-post-avatar\">\n\t\t\tNenhum coment\u00e1rio\t\t<\/span>\n\t\t\t\t<\/div>\n\t\t\t\t\t<\/div>\n\t\t<\/article>\n\t\t\t\t<article class=\"elementor-post elementor-grid-item post-786 post type-post status-publish format-standard has-post-thumbnail hentry category-informativo tag-agro tag-brasil-verde-irrigacao tag-difer tag-diset tag-fertirrigacao tag-irrigacao\" role=\"listitem\">\n\t\t\t<div class=\"elementor-post__card\">\n\t\t\t\t<a class=\"elementor-post__thumbnail__link\" href=\"https:\/\/brasilverdeirrigacao.com.br\/web\/5-vantagens-da-fertirrigacao-na-agricultura-moderna\/\" tabindex=\"-1\" ><div class=\"elementor-post__thumbnail\"><img decoding=\"async\" width=\"300\" height=\"169\" src=\"https:\/\/brasilverdeirrigacao.com.br\/web\/wp-content\/uploads\/2026\/03\/5-vantagens-da-fertirrigacao-brasil-verde-irrigacao-difer-diset-300x169.webp\" class=\"attachment-medium size-medium wp-image-789\" alt=\"\" srcset=\"https:\/\/brasilverdeirrigacao.com.br\/web\/wp-content\/uploads\/2026\/03\/5-vantagens-da-fertirrigacao-brasil-verde-irrigacao-difer-diset-300x169.webp 300w, https:\/\/brasilverdeirrigacao.com.br\/web\/wp-content\/uploads\/2026\/03\/5-vantagens-da-fertirrigacao-brasil-verde-irrigacao-difer-diset-768x432.webp 768w, https:\/\/brasilverdeirrigacao.com.br\/web\/wp-content\/uploads\/2026\/03\/5-vantagens-da-fertirrigacao-brasil-verde-irrigacao-difer-diset.webp 1024w\" sizes=\"(max-width: 300px) 100vw, 300px\" \/><\/div><\/a>\n\t\t\t\t<div class=\"elementor-post__badge\">Informativo<\/div>\n\t\t\t\t<div class=\"elementor-post__text\">\n\t\t\t\t<h3 class=\"elementor-post__title\">\n\t\t\t<a href=\"https:\/\/brasilverdeirrigacao.com.br\/web\/5-vantagens-da-fertirrigacao-na-agricultura-moderna\/\" >\n\t\t\t\t5 vantagens da fertirriga\u00e7\u00e3o na agricultura moderna\t\t\t<\/a>\n\t\t<\/h3>\n\t\t\t\t<div class=\"elementor-post__excerpt\">\n\t\t\t<p>A fertirriga\u00e7\u00e3o traz diversos benef\u00edcios para o produtor rural. Principais vantagens: melhor aproveitamento dos fertilizantes redu\u00e7\u00e3o de custos operacionais aplica\u00e7\u00e3o uniforme de nutrientes maior produtividade<\/p>\n\t\t<\/div>\n\t\t\n\t\t<a class=\"elementor-post__read-more\" href=\"https:\/\/brasilverdeirrigacao.com.br\/web\/5-vantagens-da-fertirrigacao-na-agricultura-moderna\/\" aria-label=\"Leia mais sobre 5 vantagens da fertirriga\u00e7\u00e3o na agricultura moderna\" tabindex=\"-1\" >\n\t\t\tLeia mais \u00bb\t\t<\/a>\n\n\t\t\t\t<\/div>\n\t\t\t\t<div class=\"elementor-post__meta-data\">\n\t\t\t\t\t<span class=\"elementor-post-date\">\n\t\t\t18 de mar\u00e7o de 2026\t\t<\/span>\n\t\t\t\t<span class=\"elementor-post-avatar\">\n\t\t\tNenhum coment\u00e1rio\t\t<\/span>\n\t\t\t\t<\/div>\n\t\t\t\t\t<\/div>\n\t\t<\/article>\n\t\t\t\t<article class=\"elementor-post elementor-grid-item post-781 post type-post status-publish format-standard has-post-thumbnail hentry category-informativo tag-agro tag-difer tag-diset tag-fertirrigacao tag-irrigacao\" role=\"listitem\">\n\t\t\t<div class=\"elementor-post__card\">\n\t\t\t\t<a class=\"elementor-post__thumbnail__link\" href=\"https:\/\/brasilverdeirrigacao.com.br\/web\/como-funciona-a-fertirrigacao-no-pivo-central\/\" tabindex=\"-1\" ><div class=\"elementor-post__thumbnail\"><img loading=\"lazy\" decoding=\"async\" width=\"300\" height=\"169\" src=\"https:\/\/brasilverdeirrigacao.com.br\/web\/wp-content\/uploads\/2026\/03\/DIFER_IRRIGACAO_FERTIRRIGACAO_BRASIL-VERDE_-300x169.webp\" class=\"attachment-medium size-medium wp-image-860\" alt=\"\" srcset=\"https:\/\/brasilverdeirrigacao.com.br\/web\/wp-content\/uploads\/2026\/03\/DIFER_IRRIGACAO_FERTIRRIGACAO_BRASIL-VERDE_-300x169.webp 300w, https:\/\/brasilverdeirrigacao.com.br\/web\/wp-content\/uploads\/2026\/03\/DIFER_IRRIGACAO_FERTIRRIGACAO_BRASIL-VERDE_-768x432.webp 768w, https:\/\/brasilverdeirrigacao.com.br\/web\/wp-content\/uploads\/2026\/03\/DIFER_IRRIGACAO_FERTIRRIGACAO_BRASIL-VERDE_.webp 1024w\" sizes=\"(max-width: 300px) 100vw, 300px\" \/><\/div><\/a>\n\t\t\t\t<div class=\"elementor-post__badge\">Informativo<\/div>\n\t\t\t\t<div class=\"elementor-post__text\">\n\t\t\t\t<h3 class=\"elementor-post__title\">\n\t\t\t<a href=\"https:\/\/brasilverdeirrigacao.com.br\/web\/como-funciona-a-fertirrigacao-no-pivo-central\/\" >\n\t\t\t\tComo funciona a fertirriga\u00e7\u00e3o no piv\u00f4 central\t\t\t<\/a>\n\t\t<\/h3>\n\t\t\t\t<div class=\"elementor-post__excerpt\">\n\t\t\t<p>A fertirriga\u00e7\u00e3o em sistemas de piv\u00f4 central permite que fertilizantes e defensivos sejam aplicados diretamente na \u00e1gua de irriga\u00e7\u00e3o. O processo ocorre por meio de<\/p>\n\t\t<\/div>\n\t\t\n\t\t<a class=\"elementor-post__read-more\" href=\"https:\/\/brasilverdeirrigacao.com.br\/web\/como-funciona-a-fertirrigacao-no-pivo-central\/\" aria-label=\"Leia mais sobre Como funciona a fertirriga\u00e7\u00e3o no piv\u00f4 central\" tabindex=\"-1\" >\n\t\t\tLeia mais \u00bb\t\t<\/a>\n\n\t\t\t\t<\/div>\n\t\t\t\t<div class=\"elementor-post__meta-data\">\n\t\t\t\t\t<span class=\"elementor-post-date\">\n\t\t\t18 de mar\u00e7o de 2026\t\t<\/span>\n\t\t\t\t<span class=\"elementor-post-avatar\">\n\t\t\tNenhum coment\u00e1rio\t\t<\/span>\n\t\t\t\t<\/div>\n\t\t\t\t\t<\/div>\n\t\t<\/article>\n\t\t\t\t<article class=\"elementor-post elementor-grid-item post-774 post type-post status-publish format-standard has-post-thumbnail hentry category-informativo tag-agro tag-difer tag-diset tag-fertirrigacao tag-irrigacao\" role=\"listitem\">\n\t\t\t<div class=\"elementor-post__card\">\n\t\t\t\t<a class=\"elementor-post__thumbnail__link\" href=\"https:\/\/brasilverdeirrigacao.com.br\/web\/o-que-e-fertirrigacao-e-como-ela-aumenta-a-produtividade-agricola\/\" tabindex=\"-1\" ><div class=\"elementor-post__thumbnail\"><img loading=\"lazy\" decoding=\"async\" width=\"300\" height=\"169\" src=\"https:\/\/brasilverdeirrigacao.com.br\/web\/wp-content\/uploads\/2026\/03\/pivo-fertirrigacao-difer-brasil-verde-irrigacao-300x169.webp\" class=\"attachment-medium size-medium wp-image-779\" alt=\"\" srcset=\"https:\/\/brasilverdeirrigacao.com.br\/web\/wp-content\/uploads\/2026\/03\/pivo-fertirrigacao-difer-brasil-verde-irrigacao-300x169.webp 300w, https:\/\/brasilverdeirrigacao.com.br\/web\/wp-content\/uploads\/2026\/03\/pivo-fertirrigacao-difer-brasil-verde-irrigacao-768x432.webp 768w, https:\/\/brasilverdeirrigacao.com.br\/web\/wp-content\/uploads\/2026\/03\/pivo-fertirrigacao-difer-brasil-verde-irrigacao.webp 1024w\" sizes=\"(max-width: 300px) 100vw, 300px\" \/><\/div><\/a>\n\t\t\t\t<div class=\"elementor-post__badge\">Informativo<\/div>\n\t\t\t\t<div class=\"elementor-post__text\">\n\t\t\t\t<h3 class=\"elementor-post__title\">\n\t\t\t<a href=\"https:\/\/brasilverdeirrigacao.com.br\/web\/o-que-e-fertirrigacao-e-como-ela-aumenta-a-produtividade-agricola\/\" >\n\t\t\t\tO que \u00e9 fertirriga\u00e7\u00e3o e como ela aumenta a produtividade agr\u00edcola\t\t\t<\/a>\n\t\t<\/h3>\n\t\t\t\t<div class=\"elementor-post__excerpt\">\n\t\t\t<p>A fertirriga\u00e7\u00e3o \u00e9 uma t\u00e9cnica moderna utilizada na agricultura que consiste na aplica\u00e7\u00e3o de fertilizantes juntamente com a \u00e1gua de irriga\u00e7\u00e3o. Esse m\u00e9todo permite que<\/p>\n\t\t<\/div>\n\t\t\n\t\t<a class=\"elementor-post__read-more\" href=\"https:\/\/brasilverdeirrigacao.com.br\/web\/o-que-e-fertirrigacao-e-como-ela-aumenta-a-produtividade-agricola\/\" aria-label=\"Leia mais sobre O que \u00e9 fertirriga\u00e7\u00e3o e como ela aumenta a produtividade agr\u00edcola\" tabindex=\"-1\" >\n\t\t\tLeia mais \u00bb\t\t<\/a>\n\n\t\t\t\t<\/div>\n\t\t\t\t<div class=\"elementor-post__meta-data\">\n\t\t\t\t\t<span class=\"elementor-post-date\">\n\t\t\t18 de mar\u00e7o de 2026\t\t<\/span>\n\t\t\t\t<span class=\"elementor-post-avatar\">\n\t\t\tNenhum coment\u00e1rio\t\t<\/span>\n\t\t\t\t<\/div>\n\t\t\t\t\t<\/div>\n\t\t<\/article>\n\t\t\t\t<\/div>\n\t\t\t\t\t<span class=\"e-load-more-spinner\">\n\t\t\t\t<svg aria-hidden=\"true\" class=\"e-font-icon-svg e-fas-spinner\" viewBox=\"0 0 512 512\" xmlns=\"http:\/\/www.w3.org\/2000\/svg\"><path d=\"M304 48c0 26.51-21.49 48-48 48s-48-21.49-48-48 21.49-48 48-48 48 21.49 48 48zm-48 368c-26.51 0-48 21.49-48 48s21.49 48 48 48 48-21.49 48-48-21.49-48-48-48zm208-208c-26.51 0-48 21.49-48 48s21.49 48 48 48 48-21.49 48-48-21.49-48-48-48zM96 256c0-26.51-21.49-48-48-48S0 229.49 0 256s21.49 48 48 48 48-21.49 48-48zm12.922 99.078c-26.51 0-48 21.49-48 48s21.49 48 48 48 48-21.49 48-48c0-26.509-21.491-48-48-48zm294.156 0c-26.51 0-48 21.49-48 48s21.49 48 48 48 48-21.49 48-48c0-26.509-21.49-48-48-48zM108.922 60.922c-26.51 0-48 21.49-48 48s21.49 48 48 48 48-21.49 48-48-21.491-48-48-48z\"><\/path><\/svg>\t\t\t<\/span>\n\t\t\n\t\t\t\t\t\t<\/div>\n\t\t\t\t<\/div>\n\t\t\t\t\t<\/div>\n\t\t\t\t<\/div>\n\t\t\t\t<\/div>\n\t\t","protected":false},"excerpt":{"rendered":"<p>INFORMATIVO<\/p>\n","protected":false},"author":1,"featured_media":0,"parent":0,"menu_order":0,"comment_status":"closed","ping_status":"closed","template":"elementor_header_footer","meta":{"footnotes":""},"class_list":["post-770","page","type-page","status-publish","hentry"],"_links":{"self":[{"href":"https:\/\/brasilverdeirrigacao.com.br\/web\/wp-json\/wp\/v2\/pages\/770","targetHints":{"allow":["GET"]}}],"collection":[{"href":"https:\/\/brasilverdeirrigacao.com.br\/web\/wp-json\/wp\/v2\/pages"}],"about":[{"href":"https:\/\/brasilverdeirrigacao.com.br\/web\/wp-json\/wp\/v2\/types\/page"}],"author":[{"embeddable":true,"href":"https:\/\/brasilverdeirrigacao.com.br\/web\/wp-json\/wp\/v2\/users\/1"}],"replies":[{"embeddable":true,"href":"https:\/\/brasilverdeirrigacao.com.br\/web\/wp-json\/wp\/v2\/comments?post=770"}],"version-history":[{"count":16,"href":"https:\/\/brasilverdeirrigacao.com.br\/web\/wp-json\/wp\/v2\/pages\/770\/revisions"}],"predecessor-version":[{"id":823,"href":"https:\/\/brasilverdeirrigacao.com.br\/web\/wp-json\/wp\/v2\/pages\/770\/revisions\/823"}],"wp:attachment":[{"href":"https:\/\/brasilverdeirrigacao.com.br\/web\/wp-json\/wp\/v2\/media?parent=770"}],"curies":[{"name":"wp","href":"https:\/\/api.w.org\/{rel}","templated":true}]}}